{"id":2984,"date":"2020-04-23T11:19:42","date_gmt":"2020-04-23T10:19:42","guid":{"rendered":"https:\/\/silvawebdesigns.com\/?page_id=2984"},"modified":"2020-04-23T11:19:48","modified_gmt":"2020-04-23T10:19:48","slug":"politica-de-cookies","status":"publish","type":"page","link":"https:\/\/silvawebdesigns.com\/pt\/politica-de-cookies\/","title":{"rendered":"Pol\u00edtica de Cookies"},"content":{"rendered":"<p><strong>Pol\u00edtica de Cookies<\/strong><\/p>\n<p>Este website utiliza cookies para melhorar a experi\u00eancia dos utilizadores e asssegurar o seu funcionamento de forma eficaz.<\/p>\n<p>Por forma a oferecer-lhe um servi\u00e7o mais personalizado e responsivo, precisamos de armazenar informa\u00e7\u00e3o acerca da forma como utiliza este website. Esta recolha \u00e9 feita atrav\u00e9s de pequenos ficheiros de texto chamados cookies. As cookies cont\u00eam pequenas quantidades de informa\u00e7\u00e3o e s\u00e3o transferidas para o seu computador ou outro dispositivo atrav\u00e9s de um servidor deste website. O seu navegador web envia depois estas cookies de volta ao nosso website em cada visita subsequente para que possa reconhec\u00ea-lo e relembrar coisas como as suas prefer\u00eancias de utilizador.<\/p>\n<p>Cada vez que utiliza este website, a informa\u00e7\u00e3o pode ser recolhida atrav\u00e9s da utiliza\u00e7\u00e3o de cookies e outras tecnologias. Esta Pol\u00edtica de Cookies \u00e9 parte da nossa Pol\u00edtica de Privacidade, que tem mais informa\u00e7\u00e3o acerca de n\u00f3s e como protegemos a informa\u00e7\u00e3o dos nossos visitantes.<\/p>\n<p><strong>Que cookies utilizamos e porqu\u00ea?<\/strong><\/p>\n<p>Algumas das cookies que utilizamos s\u00e3o necess\u00e1rias para lhe permitir navegar pelo website e utilizar as suas funcionalidades, tais como aceder a \u00e1reas protegidas que podem conter conte\u00fado para utilizadores registados.<\/p>\n<p>Tamb\u00e9m utilizamos cookies funcionais para registar informa\u00e7\u00e3o acerca das escolhas que fez e para nos permitir adaptar o site aos nossos utilizadores; por exemplo, para relembrar o seu idioma ou regi\u00e3o ou que j\u00e1 preencheu um determinado question\u00e1rio. Esta informa\u00e7\u00e3o \u00e9 an\u00f3nima e n\u00e3o \u00e9 utilizada para mais nenhuma outra fun\u00e7\u00e3o.<\/p>\n<p>N\u00f3s ou os nossos parceiros tamb\u00e9m utilizamos servi\u00e7os de an\u00e1lise que nos ajudam a perceber a efici\u00eancia do nosso conte\u00fado, os interesses dos nossos utilizadores e para melhorar a forma como este Website funciona. Al\u00e9m disso, usamos web beacons ou tracking pixels para registar a quantidade de visitas e cookies de performance para registar quantos utilizadores navegam no nosso website e qu\u00e3o frequentemente. Esta informa\u00e7\u00e3o \u00e9 usada apenas para fins estat\u00edsticos e n\u00e3o \u00e9 da nossa inten\u00e7\u00e3o utilizar essa informa\u00e7\u00e3o para identificar pessoalmente qualquer utilizador. Contudo, se se registou e fez login neste website poderemos combinar esta informa\u00e7\u00e3o com dados dos nossos servi\u00e7os de an\u00e1lise web e cookies para analisar em maior detalhe como voc\u00ea utiliza este website.<\/p>\n<p>Este website n\u00e3o utiliza Targeting Cookies para distribuir publicidade segmentada a visitantes do website. Contudo, poderemos utilizar informa\u00e7\u00e3o das nossas cookies para fins de marketing ou para lhe enviar materiais promocionais ou comunicados relacionados com servi\u00e7os que prestamos.<\/p>\n<p>Por favor contacte-nos se gostaria de obter informa\u00e7\u00e3o mais detalhada acerca das cookies que utilizamos.<\/p>\n<p><strong>Como controlar o uso de cookies?<\/strong><\/p>\n<p>Na sequ\u00eancia da sua tomada de conhecimento da presente pol\u00edtica de Cookies, pedimos o seu consentimento para colocar cookies no seu computador ou dispositivo tal como foi explicado acima. Pode controlar e gerir cookies de variadas formas. Por favor tenha em mente que remover ou bloquear algumas cookies espec\u00edficas pode ter um impacto na sua experi\u00eancia de utilizador e este site pode n\u00e3o estar completamente acess\u00edvel.<\/p>\n<p><strong>Prefer\u00eancias de browser<\/strong><\/p>\n<p>A maior parte dos browsers permitem-lhe ver quais as cookies que tem armazenadas e apag\u00e1-las uma a uma ou bloquear cookies de um determinado website ou de todos os websites. Tenha em conta que qualquer prefer\u00eancia que tenha definido no website desaparecer\u00e1 se apagar todas as cookies, incluindo a sua prefer\u00eancia por n\u00e3o utilizar cookies j\u00e1 que esta escolha implica que uma cookie de exclus\u00e3o tenha sido predefinida.<\/p>\n<p><strong>Gerir cookies de an\u00e1lise<\/strong><\/p>\n<p>Voc\u00ea pode anular o seu consentimento para ter a sua actividade de navega\u00e7\u00e3o an\u00f3nima registada em websites por cookies de an\u00e1lise. N\u00f3s utilizamos os seguintes provedores de servi\u00e7os e pode saber mais acerca das suas pol\u00edticas de privacidade e sobre como remover o seu consentimento para as respectivas cookies ao clicar no seguinte link:<\/p>\n<p>Google Analytics:\u00a0<a href=\"http:\/\/www.google.com\/analytics\/learn\/privacy.html\" target=\"_blank\" rel=\"noopener noreferrer\">http:\/\/www.google.com\/analytics\/learn\/privacy.html<\/a><\/p>\n<p><strong>Gerir Objectos Locais Partilhados ou Flash Cookies<\/strong><\/p>\n<p>Um objecto local partilhado ou flash cookie \u00e9 semelhante \u00e0 maior parte de outras cookies de browser \u00e0 parte do facto de que pode registar tipos de informa\u00e7\u00f5es adicionais. Estas cookies n\u00e3o podem ser controladas utilizando os mecanismos mencionados acima. Algumas partes deste website utilizam estes tipos de cookies para registar prefer\u00eancias de utilizador para funcionalidades de media players e sem elas algum conte\u00fado de v\u00eddeo pode n\u00e3o ser transmitido correctamente. Estas cookies podem ser controladas manualmente utilizando o website da Adobe.<\/p>\n<p><strong>Bot\u00f5es para redes sociais\u00a0<\/strong><\/p>\n<p>N\u00f3s utilizamos bot\u00f5es de redes sociais para permitir a partilha ou a marca\u00e7\u00e3o de favoritos em determinadas p\u00e1ginas por parte dos nossos utilizadores. Estes bot\u00f5es s\u00e3o dirigidos para sites terceiros de social media e podem registar informa\u00e7\u00e3o acerca das suas actividades na Internet incluindo neste Website. Por favor consulte os respectivos termos de utiliza\u00e7\u00e3o e pol\u00edticas de privacidade destes sites para perceber exactamente como eles utilizam a sua informa\u00e7\u00e3o e para saber como remover o seu consentimento ou apagar tal informa\u00e7\u00e3o.<\/p>\n<p><strong>Servi\u00e7os web externos\u00a0<\/strong><\/p>\n<p>Por vezes utilizamos servi\u00e7os web externos neste website para exibir conte\u00fado dentro das p\u00e1ginas deste website, por exemplo para mostrar imagens, transmitir v\u00eddeos ou fazer vota\u00e7\u00f5es. Tal como com os bot\u00f5es de redes sociais, n\u00e3o podemos impedir estes sites ou dom\u00ednios externos de recolher informa\u00e7\u00e3o da sua utiliza\u00e7\u00e3o deste conte\u00fado.<\/p>\n<p><strong>Comunica\u00e7\u00e3o por Email<\/strong><\/p>\n<p>Podemos tamb\u00e9m usar tecnologias de tracking para determinar se\u00a0 leu, visitou a p\u00e1gina ou reencaminou determinadas comunica\u00e7\u00f5es por email que lhe enviamos para podermos tornar os nossos emails mais eficientes e interessantes. Se n\u00e3o pretende que confirmemos se abriu, clicou ou reencaminhou os nossos emails, ter\u00e1 de remover o seu consentimento ao anular a sua subscri\u00e7\u00e3o, j\u00e1 que n\u00e3o \u00e9 poss\u00edvel para n\u00f3s enviar estes emails sem o acompanhamento respectivo activado. Subscritores registados podem actualizar as suas prefer\u00eancias de email a qualquer altura contactando-nos, ou pode anular a sua subscri\u00e7\u00e3o seguindo as instru\u00e7\u00f5es nas comunica\u00e7\u00f5es de email individuais que recebe da nossa parte.<\/p>\n<p>Podemos modificar ou corrigir a nossa pol\u00edtica de cookies de tempos a tempos \u00e0 nossa discri\u00e7\u00e3o. Tais pol\u00edticas modificadas ou corrigidas entram em funcionamento para si e para a sua informa\u00e7\u00e3o a partir dessa data de revis\u00e3o. Encorajamo-lo a rever periodicamente esta pol\u00edtica de Cookies para se manter informado acerca de como estamos a utilizar cookies.<\/p>\n<p><strong>Actualizado pela \u00faltima vez a<\/strong>\u00a013\/03\/2019<\/p>\n","protected":false},"excerpt":{"rendered":"<p>Pol\u00edtica de Cookies Este website utiliza cookies para melhorar a experi\u00eancia dos utilizadores e asssegurar o seu funcionamento de forma eficaz. Por forma a oferecer-lhe um servi\u00e7o mais personalizado e responsivo, precisamos de armazenar informa\u00e7\u00e3o acerca da forma como utiliza este website. Esta recolha \u00e9 feita atrav\u00e9s de pequenos ficheiros de texto chamados cookies. As [&hellip;]<\/p>\n","protected":false},"author":1,"featured_media":0,"parent":0,"menu_order":4,"comment_status":"closed","ping_status":"closed","template":"","meta":{"_acf_changed":false,"footnotes":""},"class_list":["post-2984","page","type-page","status-publish","hentry"],"acf":[],"yoast_head":"<!-- This site is optimized with the Yoast SEO plugin v27.4 - https:\/\/yoast.com\/product\/yoast-seo-wordpress\/ -->\n<title>Pol\u00edtica de Cookies - Silva Web Designs<\/title>\n<meta name=\"robots\" content=\"index, follow, max-snippet:-1, max-image-preview:large, max-video-preview:-1\" \/>\n<link rel=\"canonical\" href=\"https:\/\/silvawebdesigns.com\/pt\/politica-de-cookies\/\" \/>\n<meta property=\"og:locale\" content=\"pt_PT\" \/>\n<meta property=\"og:type\" content=\"article\" \/>\n<meta property=\"og:title\" content=\"Pol\u00edtica de Cookies - Silva Web Designs\" \/>\n<meta property=\"og:description\" content=\"Pol\u00edtica de Cookies Este website utiliza cookies para melhorar a experi\u00eancia dos utilizadores e asssegurar o seu funcionamento de forma eficaz. Por forma a oferecer-lhe um servi\u00e7o mais personalizado e responsivo, precisamos de armazenar informa\u00e7\u00e3o acerca da forma como utiliza este website. Esta recolha \u00e9 feita atrav\u00e9s de pequenos ficheiros de texto chamados cookies. As [&hellip;]\" \/>\n<meta property=\"og:url\" content=\"https:\/\/silvawebdesigns.com\/pt\/politica-de-cookies\/\" \/>\n<meta property=\"og:site_name\" content=\"Silva Web Designs\" \/>\n<meta property=\"article:publisher\" content=\"https:\/\/www.facebook.com\/silvawebdesigns\/\" \/>\n<meta property=\"article:modified_time\" content=\"2020-04-23T10:19:48+00:00\" \/>\n<meta property=\"og:image\" content=\"https:\/\/silvawebdesigns.com\/wp-content\/uploads\/2020\/02\/twitter-card.jpg\" \/>\n\t<meta property=\"og:image:width\" content=\"1200\" \/>\n\t<meta property=\"og:image:height\" content=\"675\" \/>\n\t<meta property=\"og:image:type\" content=\"image\/jpeg\" \/>\n<meta name=\"twitter:card\" content=\"summary_large_image\" \/>\n<meta name=\"twitter:site\" content=\"@SilvaWebDesigns\" \/>\n<meta name=\"twitter:label1\" content=\"Tempo estimado de leitura\" \/>\n\t<meta name=\"twitter:data1\" content=\"6 minutos\" \/>\n<script type=\"application\/ld+json\" class=\"yoast-schema-graph\">{\"@context\":\"https:\\\/\\\/schema.org\",\"@graph\":[{\"@type\":\"WebPage\",\"@id\":\"https:\\\/\\\/silvawebdesigns.com\\\/pt\\\/politica-de-cookies\\\/\",\"url\":\"https:\\\/\\\/silvawebdesigns.com\\\/pt\\\/politica-de-cookies\\\/\",\"name\":\"Pol\u00edtica de Cookies - Silva Web Designs\",\"isPartOf\":{\"@id\":\"https:\\\/\\\/silvawebdesigns.com\\\/pt\\\/#website\"},\"datePublished\":\"2020-04-23T10:19:42+00:00\",\"dateModified\":\"2020-04-23T10:19:48+00:00\",\"breadcrumb\":{\"@id\":\"https:\\\/\\\/silvawebdesigns.com\\\/pt\\\/politica-de-cookies\\\/#breadcrumb\"},\"inLanguage\":\"pt-PT\",\"potentialAction\":[{\"@type\":\"ReadAction\",\"target\":[\"https:\\\/\\\/silvawebdesigns.com\\\/pt\\\/politica-de-cookies\\\/\"]}]},{\"@type\":\"BreadcrumbList\",\"@id\":\"https:\\\/\\\/silvawebdesigns.com\\\/pt\\\/politica-de-cookies\\\/#breadcrumb\",\"itemListElement\":[{\"@type\":\"ListItem\",\"position\":1,\"name\":\"Home\",\"item\":\"https:\\\/\\\/silvawebdesigns.com\\\/pt\\\/\"},{\"@type\":\"ListItem\",\"position\":2,\"name\":\"Pol\u00edtica de Cookies\"}]},{\"@type\":\"WebSite\",\"@id\":\"https:\\\/\\\/silvawebdesigns.com\\\/pt\\\/#website\",\"url\":\"https:\\\/\\\/silvawebdesigns.com\\\/pt\\\/\",\"name\":\"Silva Web Designs\",\"description\":\"Digital Designer \\\/ Developer\",\"publisher\":{\"@id\":\"https:\\\/\\\/silvawebdesigns.com\\\/pt\\\/#organization\"},\"potentialAction\":[{\"@type\":\"SearchAction\",\"target\":{\"@type\":\"EntryPoint\",\"urlTemplate\":\"https:\\\/\\\/silvawebdesigns.com\\\/pt\\\/?s={search_term_string}\"},\"query-input\":{\"@type\":\"PropertyValueSpecification\",\"valueRequired\":true,\"valueName\":\"search_term_string\"}}],\"inLanguage\":\"pt-PT\"},{\"@type\":\"Organization\",\"@id\":\"https:\\\/\\\/silvawebdesigns.com\\\/pt\\\/#organization\",\"name\":\"Silva Web Designs\",\"url\":\"https:\\\/\\\/silvawebdesigns.com\\\/pt\\\/\",\"logo\":{\"@type\":\"ImageObject\",\"inLanguage\":\"pt-PT\",\"@id\":\"https:\\\/\\\/silvawebdesigns.com\\\/pt\\\/#\\\/schema\\\/logo\\\/image\\\/\",\"url\":\"https:\\\/\\\/silvawebdesigns.com\\\/wp-content\\\/uploads\\\/2022\\\/07\\\/silva-favicon-1500px-square.jpg\",\"contentUrl\":\"https:\\\/\\\/silvawebdesigns.com\\\/wp-content\\\/uploads\\\/2022\\\/07\\\/silva-favicon-1500px-square.jpg\",\"width\":1500,\"height\":1500,\"caption\":\"Silva Web Designs\"},\"image\":{\"@id\":\"https:\\\/\\\/silvawebdesigns.com\\\/pt\\\/#\\\/schema\\\/logo\\\/image\\\/\"},\"sameAs\":[\"https:\\\/\\\/www.facebook.com\\\/silvawebdesigns\\\/\",\"https:\\\/\\\/x.com\\\/SilvaWebDesigns\",\"https:\\\/\\\/instagram.com\\\/silvawebdesigns\\\/\",\"https:\\\/\\\/www.linkedin.com\\\/company\\\/silva-web-designs\\\/\"]}]}<\/script>\n<!-- \/ Yoast SEO plugin. -->","yoast_head_json":{"title":"Pol\u00edtica de Cookies - Silva Web Designs","robots":{"index":"index","follow":"follow","max-snippet":"max-snippet:-1","max-image-preview":"max-image-preview:large","max-video-preview":"max-video-preview:-1"},"canonical":"https:\/\/silvawebdesigns.com\/pt\/politica-de-cookies\/","og_locale":"pt_PT","og_type":"article","og_title":"Pol\u00edtica de Cookies - Silva Web Designs","og_description":"Pol\u00edtica de Cookies Este website utiliza cookies para melhorar a experi\u00eancia dos utilizadores e asssegurar o seu funcionamento de forma eficaz. Por forma a oferecer-lhe um servi\u00e7o mais personalizado e responsivo, precisamos de armazenar informa\u00e7\u00e3o acerca da forma como utiliza este website. Esta recolha \u00e9 feita atrav\u00e9s de pequenos ficheiros de texto chamados cookies. As [&hellip;]","og_url":"https:\/\/silvawebdesigns.com\/pt\/politica-de-cookies\/","og_site_name":"Silva Web Designs","article_publisher":"https:\/\/www.facebook.com\/silvawebdesigns\/","article_modified_time":"2020-04-23T10:19:48+00:00","og_image":[{"width":1200,"height":675,"url":"https:\/\/silvawebdesigns.com\/wp-content\/uploads\/2020\/02\/twitter-card.jpg","type":"image\/jpeg"}],"twitter_card":"summary_large_image","twitter_site":"@SilvaWebDesigns","twitter_misc":{"Tempo estimado de leitura":"6 minutos"},"schema":{"@context":"https:\/\/schema.org","@graph":[{"@type":"WebPage","@id":"https:\/\/silvawebdesigns.com\/pt\/politica-de-cookies\/","url":"https:\/\/silvawebdesigns.com\/pt\/politica-de-cookies\/","name":"Pol\u00edtica de Cookies - Silva Web Designs","isPartOf":{"@id":"https:\/\/silvawebdesigns.com\/pt\/#website"},"datePublished":"2020-04-23T10:19:42+00:00","dateModified":"2020-04-23T10:19:48+00:00","breadcrumb":{"@id":"https:\/\/silvawebdesigns.com\/pt\/politica-de-cookies\/#breadcrumb"},"inLanguage":"pt-PT","potentialAction":[{"@type":"ReadAction","target":["https:\/\/silvawebdesigns.com\/pt\/politica-de-cookies\/"]}]},{"@type":"BreadcrumbList","@id":"https:\/\/silvawebdesigns.com\/pt\/politica-de-cookies\/#breadcrumb","itemListElement":[{"@type":"ListItem","position":1,"name":"Home","item":"https:\/\/silvawebdesigns.com\/pt\/"},{"@type":"ListItem","position":2,"name":"Pol\u00edtica de Cookies"}]},{"@type":"WebSite","@id":"https:\/\/silvawebdesigns.com\/pt\/#website","url":"https:\/\/silvawebdesigns.com\/pt\/","name":"Silva Web Designs","description":"Digital Designer \/ Developer","publisher":{"@id":"https:\/\/silvawebdesigns.com\/pt\/#organization"},"potentialAction":[{"@type":"SearchAction","target":{"@type":"EntryPoint","urlTemplate":"https:\/\/silvawebdesigns.com\/pt\/?s={search_term_string}"},"query-input":{"@type":"PropertyValueSpecification","valueRequired":true,"valueName":"search_term_string"}}],"inLanguage":"pt-PT"},{"@type":"Organization","@id":"https:\/\/silvawebdesigns.com\/pt\/#organization","name":"Silva Web Designs","url":"https:\/\/silvawebdesigns.com\/pt\/","logo":{"@type":"ImageObject","inLanguage":"pt-PT","@id":"https:\/\/silvawebdesigns.com\/pt\/#\/schema\/logo\/image\/","url":"https:\/\/silvawebdesigns.com\/wp-content\/uploads\/2022\/07\/silva-favicon-1500px-square.jpg","contentUrl":"https:\/\/silvawebdesigns.com\/wp-content\/uploads\/2022\/07\/silva-favicon-1500px-square.jpg","width":1500,"height":1500,"caption":"Silva Web Designs"},"image":{"@id":"https:\/\/silvawebdesigns.com\/pt\/#\/schema\/logo\/image\/"},"sameAs":["https:\/\/www.facebook.com\/silvawebdesigns\/","https:\/\/x.com\/SilvaWebDesigns","https:\/\/instagram.com\/silvawebdesigns\/","https:\/\/www.linkedin.com\/company\/silva-web-designs\/"]}]}},"_links":{"self":[{"href":"https:\/\/silvawebdesigns.com\/pt\/wp-json\/wp\/v2\/pages\/2984","targetHints":{"allow":["GET"]}}],"collection":[{"href":"https:\/\/silvawebdesigns.com\/pt\/wp-json\/wp\/v2\/pages"}],"about":[{"href":"https:\/\/silvawebdesigns.com\/pt\/wp-json\/wp\/v2\/types\/page"}],"author":[{"embeddable":true,"href":"https:\/\/silvawebdesigns.com\/pt\/wp-json\/wp\/v2\/users\/1"}],"replies":[{"embeddable":true,"href":"https:\/\/silvawebdesigns.com\/pt\/wp-json\/wp\/v2\/comments?post=2984"}],"version-history":[{"count":2,"href":"https:\/\/silvawebdesigns.com\/pt\/wp-json\/wp\/v2\/pages\/2984\/revisions"}],"predecessor-version":[{"id":2986,"href":"https:\/\/silvawebdesigns.com\/pt\/wp-json\/wp\/v2\/pages\/2984\/revisions\/2986"}],"wp:attachment":[{"href":"https:\/\/silvawebdesigns.com\/pt\/wp-json\/wp\/v2\/media?parent=2984"}],"curies":[{"name":"wp","href":"https:\/\/api.w.org\/{rel}","templated":true}]}}